{"id":10655,"date":"2022-12-25T07:37:19","date_gmt":"2022-12-25T06:37:19","guid":{"rendered":"https:\/\/www.gs-computerservice.de\/gs\/?page_id=10655"},"modified":"2024-04-09T23:05:42","modified_gmt":"2024-04-09T21:05:42","slug":"fundbuerodeutschland","status":"publish","type":"page","link":"https:\/\/www.gs-computerservice.de\/gs\/fundbuerodeutschland\/","title":{"rendered":"www.Fundb\u00fcrodeutschland.de"},"content":{"rendered":"\t\t<div data-elementor-type=\"wp-page\" data-elementor-id=\"10655\" class=\"elementor elementor-10655\" data-elementor-post-type=\"page\">\n\t\t\t\t\t\t<section class=\"ob-is-breaking-bad elementor-section elementor-top-section elementor-element elementor-element-c3173b5 elementor-section-boxed elementor-section-height-default elementor-section-height-default mkdf-parallax-row-no mkdf-content-aligment-left mkdf-elementor-row-grid-no mkdf-disabled-bg-image-bellow-no mkdf-row-btt-light\" data-id=\"c3173b5\" data-element_type=\"section\" data-e-type=\"section\" data-settings=\"{&quot;_ob_bbad_use_it&quot;:&quot;yes&quot;,&quot;_ob_bbad_sssic_use&quot;:&quot;no&quot;,&quot;_ob_glider_is_slider&quot;:&quot;no&quot;}\">\n\t\t\t\t\t\t<div class=\"elementor-container elementor-column-gap-default\">\n\t\t\t\t\t<div class=\"elementor-column elementor-col-100 elementor-top-column elementor-element elementor-element-1e73bc5\" data-id=\"1e73bc5\" data-element_type=\"column\" data-e-type=\"column\" data-settings=\"{&quot;_ob_bbad_is_stalker&quot;:&quot;no&quot;,&quot;_ob_teleporter_use&quot;:false,&quot;_ob_column_hoveranimator&quot;:&quot;no&quot;,&quot;_ob_column_has_pseudo&quot;:&quot;no&quot;}\">\n\t\t\t<div class=\"elementor-widget-wrap elementor-element-populated\">\n\t\t\t\t\t\t<div class=\"elementor-element elementor-element-6649951 ob-has-background-overlay elementor-widget elementor-widget-mkdf_section_title\" data-id=\"6649951\" data-element_type=\"widget\" data-e-type=\"widget\" data-settings=\"{&quot;_ob_perspektive_use&quot;:&quot;no&quot;,&quot;_ob_poopart_use&quot;:&quot;yes&quot;,&quot;_ob_shadough_use&quot;:&quot;no&quot;,&quot;_ob_allow_hoveranimator&quot;:&quot;no&quot;,&quot;_ob_widget_stalker_use&quot;:&quot;no&quot;}\" data-widget_type=\"mkdf_section_title.default\">\n\t\t\t\t<div class=\"elementor-widget-container\">\n\t\t\t\t\t<div class=\"mkdf-section-title-holder  mkdf-st-standard   \" >\n\t<div class=\"mkdf-st-inner\">\n                    <h6 class=\"mkdf-st-intro-title\" style=\"color: #F37021\">\n                www.Fundb\u00fcrodeutschland.de            <\/h6>\n        \t\t\t\t\t<h2 class=\"mkdf-st-title\" >\n\t\t\t\tFundb\u00fcrodeutschland-Online\t\t\t<\/h2>\n\t\t\t\t\t\t\t<h5 class=\"mkdf-st-text\" >\n\t\t\t\tDie einfache Online-L\u00f6sung f\u00fcr Ihr Fundb\u00fcro\t\t\t<\/h5>\n\t\t\t<\/div>\n<\/div>\t\t\t\t<\/div>\n\t\t\t\t<\/div>\n\t\t\t\t<section class=\"ob-is-breaking-bad ob-bb-inner elementor-section elementor-inner-section elementor-element elementor-element-1b5a97c elementor-section-boxed elementor-section-height-default elementor-section-height-default mkdf-parallax-row-no mkdf-content-aligment-left mkdf-elementor-row-grid-no mkdf-disabled-bg-image-bellow-no mkdf-row-btt-light\" data-id=\"1b5a97c\" data-element_type=\"section\" data-e-type=\"section\" data-settings=\"{&quot;_ob_bbad_use_it&quot;:&quot;yes&quot;,&quot;_ob_bbad_sssic_use&quot;:&quot;no&quot;,&quot;_ob_glider_is_slider&quot;:&quot;no&quot;}\">\n\t\t\t\t\t\t<div class=\"elementor-container elementor-column-gap-no\">\n\t\t\t\t\t<div class=\"elementor-column elementor-col-100 elementor-inner-column elementor-element elementor-element-d3ec98c\" data-id=\"d3ec98c\" data-element_type=\"column\" data-e-type=\"column\" data-settings=\"{&quot;_ob_bbad_is_stalker&quot;:&quot;no&quot;,&quot;_ob_teleporter_use&quot;:false,&quot;_ob_column_hoveranimator&quot;:&quot;no&quot;,&quot;_ob_column_has_pseudo&quot;:&quot;no&quot;}\">\n\t\t\t<div class=\"elementor-widget-wrap elementor-element-populated\">\n\t\t\t\t\t\t<div class=\"elementor-element elementor-element-c66db21 ob-harakiri-inherit ob-has-background-overlay elementor-widget elementor-widget-text-editor\" data-id=\"c66db21\" data-element_type=\"widget\" data-e-type=\"widget\" data-settings=\"{&quot;_animation&quot;:&quot;none&quot;,&quot;_ob_use_harakiri&quot;:&quot;yes&quot;,&quot;_ob_harakiri_writing_mode&quot;:&quot;inherit&quot;,&quot;_ob_postman_use&quot;:&quot;no&quot;,&quot;_ob_perspektive_use&quot;:&quot;no&quot;,&quot;_ob_poopart_use&quot;:&quot;yes&quot;,&quot;_ob_shadough_use&quot;:&quot;no&quot;,&quot;_ob_allow_hoveranimator&quot;:&quot;no&quot;,&quot;_ob_widget_stalker_use&quot;:&quot;no&quot;}\" data-widget_type=\"text-editor.default\">\n\t\t\t\t<div class=\"elementor-widget-container\">\n\t\t\t\t\t\t\t\t\tAls Erg\u00e4nzung zu unserer PC-KLAUS Fundverwaltung bieten wir Ihnen mit unseren Onlinefunktionen ein umfangreiches Paket an Zusatzkomponenten an. Alle datenschutzrelevanten Daten liegen dabei ausschlie\u00dflich in Ihrer Verwaltung. F\u00fcr die Nutzung unserer Onlinefunktionen werden lediglich ein paar wenige Grunddaten ben\u00f6tigt. Bei der Kommunikation mit unserem Online-Bereich nutzen wir entsprechende Sicherheitszertifikate und ausschlie\u00dflich gesicherte Verbindungen. Sie k\u00f6nnen selbst entscheiden, welche der folgenden Komponenten in Ihrer Verwaltung zum Einsatz kommt:\t\t\t\t\t\t\t\t<\/div>\n\t\t\t\t<\/div>\n\t\t\t\t<div class=\"elementor-element elementor-element-86ead96 ob-harakiri-inherit ob-has-background-overlay elementor-widget elementor-widget-text-editor\" data-id=\"86ead96\" data-element_type=\"widget\" data-e-type=\"widget\" data-settings=\"{&quot;_animation&quot;:&quot;none&quot;,&quot;_ob_use_harakiri&quot;:&quot;yes&quot;,&quot;_ob_harakiri_writing_mode&quot;:&quot;inherit&quot;,&quot;_ob_postman_use&quot;:&quot;no&quot;,&quot;_ob_perspektive_use&quot;:&quot;no&quot;,&quot;_ob_poopart_use&quot;:&quot;yes&quot;,&quot;_ob_shadough_use&quot;:&quot;no&quot;,&quot;_ob_allow_hoveranimator&quot;:&quot;no&quot;,&quot;_ob_widget_stalker_use&quot;:&quot;no&quot;}\" data-widget_type=\"text-editor.default\">\n\t\t\t\t<div class=\"elementor-widget-container\">\n\t\t\t\t\t\t\t\t\t<h4>Ihr Online-Fundb\u00fcro \u00fcber die Homepage der Verwaltung<\/h4>\nWir bieten Ihnen die M\u00f6glichkeit, die in der Verwaltung erfassten Fundsachen automatisch auf Ihrer Homepage zu ver\u00f6ffentlichen. Sie legen dabei selbst fest, welche Fundsachen ver\u00f6ffentlicht werden und wie umfassend die Gegenstandsbeschreibung ist. Zus\u00e4tzlich k\u00f6nnen Sie Ihren B\u00fcrgerservice durch eine Online-Suche sowie die Erfassung von Fund- und Verlustanzeigen erweitern.\n<h4><a href=\"https:\/\/www.fundb\u00fcrodeutschland.de\" target=\"_blank\" rel=\"noopener\">www.Fundb\u00fcrodeutschland.de<\/a><\/h4>\nMit unserem Portal <a href=\"https:\/\/www.fundb\u00fcrodeutschland.de\" target=\"_blank\" rel=\"noopener\">Fundb\u00fcrodeutschland<\/a> stellen Sie Ihre gefunden Fundsachen \u2013\nzusammen mit anderen Verwaltungen \u2013 einer breiten Masse an B\u00fcrgerinnen und B\u00fcrgern zur Verf\u00fcgung. Erh\u00f6hen Sie so die Chance, dass der Fundgegenstand wieder seinen rechtm\u00e4\u00dfigen Besitzer findet.\t\t\t\t\t\t\t\t<\/div>\n\t\t\t\t<\/div>\n\t\t\t\t\t<\/div>\n\t\t<\/div>\n\t\t\t\t\t<\/div>\n\t\t<\/section>\n\t\t\t\t<section class=\"ob-is-breaking-bad ob-bb-inner elementor-section elementor-inner-section elementor-element elementor-element-a264316 elementor-section-boxed elementor-section-height-default elementor-section-height-default mkdf-parallax-row-no mkdf-content-aligment-left mkdf-elementor-row-grid-no mkdf-disabled-bg-image-bellow-no mkdf-row-btt-light\" data-id=\"a264316\" data-element_type=\"section\" data-e-type=\"section\" data-settings=\"{&quot;_ob_bbad_use_it&quot;:&quot;yes&quot;,&quot;_ob_bbad_sssic_use&quot;:&quot;no&quot;,&quot;_ob_glider_is_slider&quot;:&quot;no&quot;}\">\n\t\t\t\t\t\t<div class=\"elementor-container elementor-column-gap-no\">\n\t\t\t\t\t<div class=\"elementor-column elementor-col-33 elementor-inner-column elementor-element elementor-element-07a960b\" data-id=\"07a960b\" data-element_type=\"column\" data-e-type=\"column\" data-settings=\"{&quot;_ob_bbad_is_stalker&quot;:&quot;no&quot;,&quot;_ob_teleporter_use&quot;:false,&quot;_ob_column_hoveranimator&quot;:&quot;no&quot;,&quot;_ob_column_has_pseudo&quot;:&quot;no&quot;}\">\n\t\t\t<div class=\"elementor-widget-wrap elementor-element-populated\">\n\t\t\t\t\t\t<div class=\"elementor-element elementor-element-80b6f49 ob-has-background-overlay elementor-widget elementor-widget-image\" data-id=\"80b6f49\" data-element_type=\"widget\" data-e-type=\"widget\" data-settings=\"{&quot;_ob_photomorph_use&quot;:&quot;no&quot;,&quot;_ob_perspektive_use&quot;:&quot;no&quot;,&quot;_ob_poopart_use&quot;:&quot;yes&quot;,&quot;_ob_shadough_use&quot;:&quot;no&quot;,&quot;_ob_allow_hoveranimator&quot;:&quot;no&quot;,&quot;_ob_widget_stalker_use&quot;:&quot;no&quot;}\" data-widget_type=\"image.default\">\n\t\t\t\t<div class=\"elementor-widget-container\">\n\t\t\t\t\t\t\t\t\t\t\t\t\t\t\t\t<a href=\"https:\/\/www.gs-computerservice.de\/gs\/wp-content\/uploads\/2022\/12\/fundbuerodeutschland_02.jpg\" data-elementor-open-lightbox=\"yes\" data-e-action-hash=\"#elementor-action%3Aaction%3Dlightbox%26settings%3DeyJpZCI6MTA4NjgsInVybCI6Imh0dHBzOlwvXC93d3cuZ3MtY29tcHV0ZXJzZXJ2aWNlLmRlXC9nc1wvd3AtY29udGVudFwvdXBsb2Fkc1wvMjAyMlwvMTJcL2Z1bmRidWVyb2RldXRzY2hsYW5kXzAyLmpwZyJ9\">\n\t\t\t\t\t\t\t<img fetchpriority=\"high\" decoding=\"async\" width=\"1024\" height=\"661\" src=\"https:\/\/www.gs-computerservice.de\/gs\/wp-content\/uploads\/2022\/12\/fundbuerodeutschland_02-1024x661.jpg\" class=\"attachment-large size-large wp-image-10868\" alt=\"\" srcset=\"https:\/\/www.gs-computerservice.de\/gs\/wp-content\/uploads\/2022\/12\/fundbuerodeutschland_02-1024x661.jpg 1024w, https:\/\/www.gs-computerservice.de\/gs\/wp-content\/uploads\/2022\/12\/fundbuerodeutschland_02-600x387.jpg 600w, https:\/\/www.gs-computerservice.de\/gs\/wp-content\/uploads\/2022\/12\/fundbuerodeutschland_02-300x194.jpg 300w, https:\/\/www.gs-computerservice.de\/gs\/wp-content\/uploads\/2022\/12\/fundbuerodeutschland_02-768x496.jpg 768w, https:\/\/www.gs-computerservice.de\/gs\/wp-content\/uploads\/2022\/12\/fundbuerodeutschland_02.jpg 1400w\" sizes=\"(max-width: 1024px) 100vw, 1024px\" \/>\t\t\t\t\t\t\t\t<\/a>\n\t\t\t\t\t\t\t\t\t\t\t\t\t\t\t<\/div>\n\t\t\t\t<\/div>\n\t\t\t\t\t<\/div>\n\t\t<\/div>\n\t\t\t\t<div class=\"elementor-column elementor-col-33 elementor-inner-column elementor-element elementor-element-3b857af\" data-id=\"3b857af\" data-element_type=\"column\" data-e-type=\"column\" data-settings=\"{&quot;_ob_bbad_is_stalker&quot;:&quot;no&quot;,&quot;_ob_teleporter_use&quot;:false,&quot;_ob_column_hoveranimator&quot;:&quot;no&quot;,&quot;_ob_column_has_pseudo&quot;:&quot;no&quot;}\">\n\t\t\t<div class=\"elementor-widget-wrap\">\n\t\t\t\t\t\t\t<\/div>\n\t\t<\/div>\n\t\t\t\t<div class=\"elementor-column elementor-col-33 elementor-inner-column elementor-element elementor-element-6d39c2b\" data-id=\"6d39c2b\" data-element_type=\"column\" data-e-type=\"column\" data-settings=\"{&quot;_ob_bbad_is_stalker&quot;:&quot;no&quot;,&quot;_ob_teleporter_use&quot;:false,&quot;_ob_column_hoveranimator&quot;:&quot;no&quot;,&quot;_ob_column_has_pseudo&quot;:&quot;no&quot;}\">\n\t\t\t<div class=\"elementor-widget-wrap elementor-element-populated\">\n\t\t\t\t\t\t<div class=\"elementor-element elementor-element-2f705c0 ob-has-background-overlay elementor-widget elementor-widget-image\" data-id=\"2f705c0\" data-element_type=\"widget\" data-e-type=\"widget\" data-settings=\"{&quot;_ob_photomorph_use&quot;:&quot;no&quot;,&quot;_ob_perspektive_use&quot;:&quot;no&quot;,&quot;_ob_poopart_use&quot;:&quot;yes&quot;,&quot;_ob_shadough_use&quot;:&quot;no&quot;,&quot;_ob_allow_hoveranimator&quot;:&quot;no&quot;,&quot;_ob_widget_stalker_use&quot;:&quot;no&quot;}\" data-widget_type=\"image.default\">\n\t\t\t\t<div class=\"elementor-widget-container\">\n\t\t\t\t\t\t\t\t\t\t\t\t\t\t\t\t<a href=\"https:\/\/www.gs-computerservice.de\/gs\/wp-content\/uploads\/2022\/12\/fundbuerodeutschland_01.jpg\" data-elementor-open-lightbox=\"yes\" data-e-action-hash=\"#elementor-action%3Aaction%3Dlightbox%26settings%3DeyJpZCI6MTA4NjcsInVybCI6Imh0dHBzOlwvXC93d3cuZ3MtY29tcHV0ZXJzZXJ2aWNlLmRlXC9nc1wvd3AtY29udGVudFwvdXBsb2Fkc1wvMjAyMlwvMTJcL2Z1bmRidWVyb2RldXRzY2hsYW5kXzAxLmpwZyJ9\">\n\t\t\t\t\t\t\t<img decoding=\"async\" width=\"1024\" height=\"661\" src=\"https:\/\/www.gs-computerservice.de\/gs\/wp-content\/uploads\/2022\/12\/fundbuerodeutschland_01-1024x661.jpg\" class=\"attachment-large size-large wp-image-10867\" alt=\"\" srcset=\"https:\/\/www.gs-computerservice.de\/gs\/wp-content\/uploads\/2022\/12\/fundbuerodeutschland_01-1024x661.jpg 1024w, https:\/\/www.gs-computerservice.de\/gs\/wp-content\/uploads\/2022\/12\/fundbuerodeutschland_01-600x387.jpg 600w, https:\/\/www.gs-computerservice.de\/gs\/wp-content\/uploads\/2022\/12\/fundbuerodeutschland_01-300x194.jpg 300w, https:\/\/www.gs-computerservice.de\/gs\/wp-content\/uploads\/2022\/12\/fundbuerodeutschland_01-768x496.jpg 768w, https:\/\/www.gs-computerservice.de\/gs\/wp-content\/uploads\/2022\/12\/fundbuerodeutschland_01.jpg 1400w\" sizes=\"(max-width: 1024px) 100vw, 1024px\" \/>\t\t\t\t\t\t\t\t<\/a>\n\t\t\t\t\t\t\t\t\t\t\t\t\t\t\t<\/div>\n\t\t\t\t<\/div>\n\t\t\t\t\t<\/div>\n\t\t<\/div>\n\t\t\t\t\t<\/div>\n\t\t<\/section>\n\t\t\t\t<div class=\"elementor-element elementor-element-078e5d4 ob-harakiri-inherit ob-has-background-overlay elementor-widget elementor-widget-text-editor\" data-id=\"078e5d4\" data-element_type=\"widget\" data-e-type=\"widget\" data-settings=\"{&quot;_animation&quot;:&quot;none&quot;,&quot;_ob_use_harakiri&quot;:&quot;yes&quot;,&quot;_ob_harakiri_writing_mode&quot;:&quot;inherit&quot;,&quot;_ob_postman_use&quot;:&quot;no&quot;,&quot;_ob_perspektive_use&quot;:&quot;no&quot;,&quot;_ob_poopart_use&quot;:&quot;yes&quot;,&quot;_ob_shadough_use&quot;:&quot;no&quot;,&quot;_ob_allow_hoveranimator&quot;:&quot;no&quot;,&quot;_ob_widget_stalker_use&quot;:&quot;no&quot;}\" data-widget_type=\"text-editor.default\">\n\t\t\t\t<div class=\"elementor-widget-container\">\n\t\t\t\t\t\t\t\t\t<h4><a href=\"https:\/\/www.loprio.de\" target=\"_blank\" rel=\"noopener\">www.loprio.de<\/a><\/h4>\nNeben unseren lokalen Versteigerungen bieten wir Ihnen die M\u00f6glichkeit, \u00fcber unser Versteigerungsportal <a href=\"https:\/\/www.loprio.de\" target=\"_blank\" rel=\"noopener\">www.loprio.de<\/a> Fundsachen direkt online zu versteigern. Parallel dazu k\u00f6nnen Ihre B\u00fcrgerinnen und B\u00fcrger \u00fcber die Homepage Ihrer Verwaltung an der Online-Versteigerung teilnehmen.<br>\n<strong>Die Versteigerung \u00fcber LOPRIO ist f\u00fcr alle Verwaltungen, die unsere Fundb\u00fcrosoftware nutzen, geb\u00fchrenfrei.<\/strong>\t\t\t\t\t\t\t\t<\/div>\n\t\t\t\t<\/div>\n\t\t\t\t<section class=\"ob-is-breaking-bad ob-bb-inner elementor-section elementor-inner-section elementor-element elementor-element-150cb92 elementor-section-boxed elementor-section-height-default elementor-section-height-default mkdf-parallax-row-no mkdf-content-aligment-left mkdf-elementor-row-grid-no mkdf-disabled-bg-image-bellow-no mkdf-row-btt-light\" data-id=\"150cb92\" data-element_type=\"section\" data-e-type=\"section\" data-settings=\"{&quot;_ob_bbad_use_it&quot;:&quot;yes&quot;,&quot;_ob_bbad_sssic_use&quot;:&quot;no&quot;,&quot;_ob_glider_is_slider&quot;:&quot;no&quot;}\">\n\t\t\t\t\t\t<div class=\"elementor-container elementor-column-gap-no\">\n\t\t\t\t\t<div class=\"elementor-column elementor-col-100 elementor-inner-column elementor-element elementor-element-d44efea\" data-id=\"d44efea\" data-element_type=\"column\" data-e-type=\"column\" data-settings=\"{&quot;_ob_bbad_is_stalker&quot;:&quot;no&quot;,&quot;_ob_teleporter_use&quot;:false,&quot;_ob_column_hoveranimator&quot;:&quot;no&quot;,&quot;_ob_column_has_pseudo&quot;:&quot;no&quot;}\">\n\t\t\t<div class=\"elementor-widget-wrap elementor-element-populated\">\n\t\t\t\t\t\t<div class=\"elementor-element elementor-element-2ffd740 ob-harakiri-inherit ob-has-background-overlay elementor-widget elementor-widget-text-editor\" data-id=\"2ffd740\" data-element_type=\"widget\" data-e-type=\"widget\" data-settings=\"{&quot;_animation&quot;:&quot;none&quot;,&quot;_ob_use_harakiri&quot;:&quot;yes&quot;,&quot;_ob_harakiri_writing_mode&quot;:&quot;inherit&quot;,&quot;_ob_postman_use&quot;:&quot;no&quot;,&quot;_ob_perspektive_use&quot;:&quot;no&quot;,&quot;_ob_poopart_use&quot;:&quot;yes&quot;,&quot;_ob_shadough_use&quot;:&quot;no&quot;,&quot;_ob_allow_hoveranimator&quot;:&quot;no&quot;,&quot;_ob_widget_stalker_use&quot;:&quot;no&quot;}\" data-widget_type=\"text-editor.default\">\n\t\t\t\t<div class=\"elementor-widget-container\">\n\t\t\t\t\t\t\t\t\tHaben wir Ihr Interesse geweckt?\t\t\t\t\t\t\t\t<\/div>\n\t\t\t\t<\/div>\n\t\t\t\t\t<\/div>\n\t\t<\/div>\n\t\t\t\t\t<\/div>\n\t\t<\/section>\n\t\t\t\t<div class=\"elementor-element elementor-element-64667de elementor-widget-divider--view-line ob-has-background-overlay elementor-widget elementor-widget-divider\" data-id=\"64667de\" data-element_type=\"widget\" data-e-type=\"widget\" data-settings=\"{&quot;_ob_perspektive_use&quot;:&quot;no&quot;,&quot;_ob_poopart_use&quot;:&quot;yes&quot;,&quot;_ob_shadough_use&quot;:&quot;no&quot;,&quot;_ob_allow_hoveranimator&quot;:&quot;no&quot;,&quot;_ob_widget_stalker_use&quot;:&quot;no&quot;}\" data-widget_type=\"divider.default\">\n\t\t\t\t<div class=\"elementor-widget-container\">\n\t\t\t\t\t\t\t<div class=\"elementor-divider\">\n\t\t\t<span class=\"elementor-divider-separator\">\n\t\t\t\t\t\t<\/span>\n\t\t<\/div>\n\t\t\t\t\t\t<\/div>\n\t\t\t\t<\/div>\n\t\t\t\t<div class=\"elementor-element elementor-element-14906ee ob-has-background-overlay elementor-widget elementor-widget-mkdf_button\" data-id=\"14906ee\" data-element_type=\"widget\" data-e-type=\"widget\" data-settings=\"{&quot;_ob_perspektive_use&quot;:&quot;no&quot;,&quot;_ob_poopart_use&quot;:&quot;yes&quot;,&quot;_ob_shadough_use&quot;:&quot;no&quot;,&quot;_ob_allow_hoveranimator&quot;:&quot;no&quot;,&quot;_ob_widget_stalker_use&quot;:&quot;no&quot;}\" data-widget_type=\"mkdf_button.default\">\n\t\t\t\t<div class=\"elementor-widget-container\">\n\t\t\t\t\t<a itemprop=\"url\" href=\"\/gs\/kontakt\" target=\"_self\" style=\"text-transform: none;padding: \" class=\"mkdf-btn mkdf-btn-medium mkdf-btn-simple\"  0=\"text-transform: none\" 1=\"padding: \">\n    <span class=\"mkdf-btn-text\">Kontaktieren Sie uns<\/span>\n    <\/a>\t\t\t\t<\/div>\n\t\t\t\t<\/div>\n\t\t\t\t\t<\/div>\n\t\t<\/div>\n\t\t\t\t\t<\/div>\n\t\t<\/section>\n\t\t\t\t<\/div>\n\t\t","protected":false},"excerpt":{"rendered":"<p>Als Erg\u00e4nzung zu unserer PC-KLAUS Fundverwaltung bieten wir Ihnen mit unseren Onlinefunktionen ein umfangreiches Paket an Zusatzkomponenten an. Alle datenschutzrelevanten Daten liegen dabei ausschlie\u00dflich in Ihrer Verwaltung. F\u00fcr die Nutzung unserer Onlinefunktionen werden lediglich ein paar wenige Grunddaten ben\u00f6tigt.<\/p>\n","protected":false},"author":1,"featured_media":0,"parent":0,"menu_order":0,"comment_status":"closed","ping_status":"closed","template":"full-width.php","meta":{"footnotes":""},"class_list":["post-10655","page","type-page","status-publish","hentry"],"_links":{"self":[{"href":"https:\/\/www.gs-computerservice.de\/gs\/wp-json\/wp\/v2\/pages\/10655","targetHints":{"allow":["GET"]}}],"collection":[{"href":"https:\/\/www.gs-computerservice.de\/gs\/wp-json\/wp\/v2\/pages"}],"about":[{"href":"https:\/\/www.gs-computerservice.de\/gs\/wp-json\/wp\/v2\/types\/page"}],"author":[{"embeddable":true,"href":"https:\/\/www.gs-computerservice.de\/gs\/wp-json\/wp\/v2\/users\/1"}],"replies":[{"embeddable":true,"href":"https:\/\/www.gs-computerservice.de\/gs\/wp-json\/wp\/v2\/comments?post=10655"}],"version-history":[{"count":0,"href":"https:\/\/www.gs-computerservice.de\/gs\/wp-json\/wp\/v2\/pages\/10655\/revisions"}],"wp:attachment":[{"href":"https:\/\/www.gs-computerservice.de\/gs\/wp-json\/wp\/v2\/media?parent=10655"}],"curies":[{"name":"wp","href":"https:\/\/api.w.org\/{rel}","templated":true}]}}