{"id":10017,"date":"2022-11-26T22:01:56","date_gmt":"2022-11-26T21:01:56","guid":{"rendered":"https:\/\/www.gs-computerservice.de\/gs\/?page_id=10017"},"modified":"2024-09-29T08:40:29","modified_gmt":"2024-09-29T06:40:29","slug":"hsh","status":"publish","type":"page","link":"https:\/\/www.gs-computerservice.de\/gs\/hsh\/","title":{"rendered":"HSH-Unternehmensgruppe"},"content":{"rendered":"\t\t<div data-elementor-type=\"wp-page\" data-elementor-id=\"10017\" class=\"elementor elementor-10017\" data-elementor-post-type=\"page\">\n\t\t\t\t\t\t<section class=\"ob-is-breaking-bad elementor-section elementor-top-section elementor-element elementor-element-c3173b5 elementor-section-boxed elementor-section-height-default elementor-section-height-default mkdf-parallax-row-no mkdf-content-aligment-left mkdf-elementor-row-grid-no mkdf-disabled-bg-image-bellow-no mkdf-row-btt-light\" data-id=\"c3173b5\" data-element_type=\"section\" data-e-type=\"section\" data-settings=\"{&quot;_ob_bbad_use_it&quot;:&quot;yes&quot;,&quot;_ob_bbad_sssic_use&quot;:&quot;no&quot;,&quot;_ob_glider_is_slider&quot;:&quot;no&quot;}\">\n\t\t\t\t\t\t<div class=\"elementor-container elementor-column-gap-default\">\n\t\t\t\t\t<div class=\"elementor-column elementor-col-100 elementor-top-column elementor-element elementor-element-1e73bc5\" data-id=\"1e73bc5\" data-element_type=\"column\" data-e-type=\"column\" data-settings=\"{&quot;_ob_bbad_is_stalker&quot;:&quot;no&quot;,&quot;_ob_teleporter_use&quot;:false,&quot;_ob_column_hoveranimator&quot;:&quot;no&quot;,&quot;_ob_column_has_pseudo&quot;:&quot;no&quot;}\">\n\t\t\t<div class=\"elementor-widget-wrap elementor-element-populated\">\n\t\t\t\t\t\t<div class=\"elementor-element elementor-element-d6951db ob-has-background-overlay elementor-widget elementor-widget-mkdf_section_title\" data-id=\"d6951db\" data-element_type=\"widget\" data-e-type=\"widget\" data-settings=\"{&quot;_ob_perspektive_use&quot;:&quot;no&quot;,&quot;_ob_poopart_use&quot;:&quot;yes&quot;,&quot;_ob_shadough_use&quot;:&quot;no&quot;,&quot;_ob_allow_hoveranimator&quot;:&quot;no&quot;,&quot;_ob_widget_stalker_use&quot;:&quot;no&quot;}\" data-widget_type=\"mkdf_section_title.default\">\n\t\t\t\t<div class=\"elementor-widget-container\">\n\t\t\t\t\t<div class=\"mkdf-section-title-holder  mkdf-st-standard   \" >\n\t<div class=\"mkdf-st-inner\">\n                    <h6 class=\"mkdf-st-intro-title\" style=\"color: #F37021\">\n                HSH Soft- und Hardware Vertriebs GmbH            <\/h6>\n        \t\t\t\t\t<h2 class=\"mkdf-st-title\" >\n\t\t\t\tHSH-Unternehmensgruppe\t\t\t<\/h2>\n\t\t\t\t\t<\/div>\n<\/div>\t\t\t\t<\/div>\n\t\t\t\t<\/div>\n\t\t\t\t<div class=\"elementor-element elementor-element-3a958c3 ob-has-background-overlay elementor-widget elementor-widget-html\" data-id=\"3a958c3\" data-element_type=\"widget\" data-e-type=\"widget\" data-settings=\"{&quot;_ob_perspektive_use&quot;:&quot;no&quot;,&quot;_ob_poopart_use&quot;:&quot;yes&quot;,&quot;_ob_shadough_use&quot;:&quot;no&quot;,&quot;_ob_allow_hoveranimator&quot;:&quot;no&quot;,&quot;_ob_widget_stalker_use&quot;:&quot;no&quot;}\" data-widget_type=\"html.default\">\n\t\t\t\t<div class=\"elementor-widget-container\">\n\t\t\t\t\t<p>Unsere Firma, die HSH Soft- und Hardware Vertriebs GmbH, ist ein mittelst\u00e4ndisches Softwareunternehmen mit dem Firmensitz in Ahrensfelde \u2013 kurz vor den Toren Berlins \u2013 welches 1991 gegr\u00fcndet wurde. Bereits von Beginn an haben wir uns auf Softwarel\u00f6sungen f\u00fcr Kommunen spezialisiert. Nachdem wir uns erfolgreich am kommunalen Softwaremarkt etabliert haben, wurde 2015 die HSH-Unternehmensgruppe ins Leben gerufen. Neben unserem Hauptsitz, der HSH Soft- und Hardware Vertriebs GmbH, geh\u00f6ren die Niederlassungen GS-Computerservice in Eschwege, die MoKomm Software in Parkstetten, die naviga GmbH in Achim bei Bremen sowie die Fa. prokommunal GmbH in Berlin zu unserer Firmengruppe.<\/p>\n\n<p>Eine weitere Beteiligung gibt es bei der 2018 neu gegr\u00fcndeten Fa. insidas. Mit \u00fcber 3.300 Verwaltungen aller Gr\u00f6\u00dfenordnungen von 500 bis 3.4 Mio. Einwohnern sind wir heute einer der gr\u00f6\u00dften kommunalen Softwareanbieter Deutschlands. Zus\u00e4tzlich kooperieren wir mit einer ganzen Reihe in anderen Richtungen spezialisierten Softwareh\u00e4usern, um mit der neuen Softwaregeneration \u201eVOIS\u201c unsere Idee von einer einheitlichen und fachverfahrens\u00fcbergreifenden Software f\u00fcr Kommunalverwaltungen zu realisieren.<\/p>\t\t\t\t<\/div>\n\t\t\t\t<\/div>\n\t\t\t\t<div class=\"elementor-element elementor-element-07473bb ob-has-background-overlay elementor-widget elementor-widget-html\" data-id=\"07473bb\" data-element_type=\"widget\" data-e-type=\"widget\" data-settings=\"{&quot;_ob_perspektive_use&quot;:&quot;no&quot;,&quot;_ob_poopart_use&quot;:&quot;yes&quot;,&quot;_ob_shadough_use&quot;:&quot;no&quot;,&quot;_ob_allow_hoveranimator&quot;:&quot;no&quot;,&quot;_ob_widget_stalker_use&quot;:&quot;no&quot;}\" data-widget_type=\"html.default\">\n\t\t\t\t<div class=\"elementor-widget-container\">\n\t\t\t\t\t<h3>Die HSH Gruppe stellt sich vor<\/h3>\n\n<p><a href=\"https:\/\/www.hsh-berlin.com\" target=\"_blank\">HSH Soft- und Hardware Vertriebs GmbH<\/a><\/p>\n\n<p>Das Hauptgesch\u00e4ftsfeld unserer Mutterfirma ist das Einwohnermeldewesen. Mit der Meldebeh\u00f6rdensoftware MESO arbeiten derzeit etwa 3.000 bundesdeutsche Meldebeh\u00f6rden von Bremen \u00fcber Berlin bis N\u00fcrnberg. Die Betreuung und der Support von MESO in Bayern und Baden-W\u00fcrttemberg erfolgt durch die komuna GmbH mit Sitz in Altdorf. Dar\u00fcber hinaus zeichnet sich die Fa. HSH auch f\u00fcr Softwareprodukte f\u00fcr das Gewerbe- und Ausl\u00e4nderwesen, sowie f\u00fcr Staatsangeh\u00f6rigkeitsbeh\u00f6rden verantwortlich.<\/p>\n\n<p>Neben der Bereitstellung von Softwareprodukten wird dar\u00fcber hinaus das gesamte Dienstleistungsspektrum rund um den Einsatz der Verfahren angeboten: Daten\u00fcbernahme und -konvertierung, Softwareinstallation, Schulungen, Softwarewartung und -pflege sowie Anwenderbetreuung und Support. Zum Unternehmensportfolio geh\u00f6ren dar\u00fcber hinaus umfangreiche und mehrfach ausgezeichnete E-Government-L\u00f6sungen wie Online Ausk\u00fcnfte, -Antr\u00e4ge und -Vorg\u00e4nge oder Online-Wahlscheinantr\u00e4ge.<\/p>\n\n<p>Neben dem reinen Einwohnermeldewesen ist die Fa. HSH auch verantwortlich f\u00fcr die Bereitstellung der VOIS-Plattform, als Basis weiterer Fachverfahren f\u00fcr die Kommunen. Mit der neuen und zukunftsweisenden VOIS-Technologie wird HSH seiner Verpflichtung als Marktf\u00fchrer auch in der Zukunft gerecht.<\/p>\n\n<p><a href=\"https:\/\/www.mokomm.de\" target=\"_blank\">MoKomm Software (Niederlassung)<\/a><\/p>\n\n<p>Die Niederlassung MoKomm Software versteht sich als umfassender Dienstleister f\u00fcr den kommunalen Bereich in den Bundesl\u00e4ndern Bayern, Baden-W\u00fcrttemberg, Rheinland-Pfalz und dem Saarland. Wir bieten dabei eine breite Palette bundesweit f\u00fchrender Fachverfahren, um die t\u00e4glichen Herausforderungen, denen die Verwaltung sich stellen muss, komfortabel und zielgerichtet zu meistern. Schwerpunkt ist hierbei das Gewerbewesen. Erg\u00e4nzend bieten wir eine umfassende Betreuung im Tagesgesch\u00e4ft durch Mitarbeiterinnen und Mitarbeiter, die selbst \u00fcber langj\u00e4hrige Erfahrung im Verwaltungsbereich verf\u00fcgen. Daneben bieten wir neben der M\u00f6glichkeit, alle Fachanwendungen autonom in Ihrem Hause zu betreiben und zu betreuen, auch die M\u00f6glichkeit des Hostings in einem der modernsten Hochsicherheitsrechenzentren Europas an.<\/p>\n\n<p><a href=\"https:\/\/www.gs-computerservice.de\" target=\"_blank\">GS-Computerservice (Niederlassung)<\/a><\/p>\n\n<p>Die Niederlassung GS-Computerservice wurde 1990 in Eschwege als eigenst\u00e4ndige Firma gegr\u00fcndet, ehe sie 2016 Teil der Fa. HSH Soft- und Hardware Vertriebs GmbH wurde. Bereits seit der Gr\u00fcndung verlassen sich Verwaltungen aller Gr\u00f6\u00dfenordnungen deutschlandweit auf das Fachverfahren PC-KLAUS. Heute unterst\u00fctzt PC-KLAUS bereits mehr als 700 Verwaltungen. Schwerpunkte sind das Gewerbewesen, das Fundb\u00fcro, der Fischereischein und verkehrsrechtliche Anordnungen.<\/p>\n\n<p><a href=\"https:\/\/www.naviga.de\" target=\"_blank\">naviga GmbH<\/a><\/p>\n\n<p>Die naviga GmbH geh\u00f6rt zu den f\u00fchrenden Unternehmen der kommunalen IT-Branche. Mehr als 2.500 Verwaltungen arbeiten mit den Produkten im Bereich Gewerbe, Erlaubniswesen und Elterngeld seit nunmehr \u00fcber 20 Jahren. Neben dem bundesweiten Marktf\u00fchrer im Gewerbewesen \u201emigewa\u201c, zeichnet sich naviga auch f\u00fcr die Entwicklung des modernsten und neuesten Gewerbeverfahrens unter der \u201eVOIS-Plattform\u201c<\/p>\n\n<p><a href=\"https:\/\/www.prokommunal.com\" target=\"_blank\">prokommunal<\/a><\/p>\n\n<p>Die prokommunal Softwareentwicklungs-und Beratungsgesellschaft mbH mit Sitz in Berlin bedient im Schwerpunkt das F\u00fchrerschein- und Fahrlehrerwesen und ist deutschlandweit aktiv. Im Rahmen der Neuentwicklungen unter \u201eVOIS\u201c wird bei prokommunal derzeit das VOIS-F\u00fchrerscheinwesen entwickelt.<\/p>\n\n<p><a href=\"https:\/\/www.cbg-schwerin.de\" target=\"_blank\">CBG mbh<\/a><\/p>\n\n<p>Die Fa. Computer - Beratungs - Gesellschaft mbH Schwerin ist ein Softwarehaus in Mecklenburg-Vorpommern f\u00fcr moderne kundenorientierte Softwarel\u00f6sungen im kommunalen Bereich.\nIm Mittelpunkt der T\u00e4tigkeit steht die Entwicklung und der Vertrieb von Software f\u00fcr den \u00f6ffentlichen Dienst. Schwerpunkte des Unternehmens sind u.a. Gewerbe- und Ordnungs\u00e4mter.\nSeit der Gr\u00fcndung des Unternehmens im Februar 1991 wurde das T\u00e4tigkeitsfeld kontinuierlich erweitert.<\/p>\n\n<p><a href=\"https:\/\/www.insidas.de\" target=\"_blank\">insidas<\/a><\/p>\n\n<p>Die insidas GmbH ist der neue Partner rund um Datenschutz und Informationssicherheit. Das Team besteht aus erfahrenen Spezialisten in ihrem jeweiligen Bereich sowie auch jungen Mitarbeitern. Besonders bei aktuellen Fragen rund um die DSGVO k\u00f6nnen sich Verwaltungen professionellen Rat und Unterst\u00fctzung einholen.<\/p>\t\t\t\t<\/div>\n\t\t\t\t<\/div>\n\t\t\t\t<div class=\"elementor-element elementor-element-64667de elementor-widget-divider--view-line ob-has-background-overlay elementor-widget elementor-widget-divider\" data-id=\"64667de\" data-element_type=\"widget\" data-e-type=\"widget\" data-settings=\"{&quot;_ob_perspektive_use&quot;:&quot;no&quot;,&quot;_ob_poopart_use&quot;:&quot;yes&quot;,&quot;_ob_shadough_use&quot;:&quot;no&quot;,&quot;_ob_allow_hoveranimator&quot;:&quot;no&quot;,&quot;_ob_widget_stalker_use&quot;:&quot;no&quot;}\" data-widget_type=\"divider.default\">\n\t\t\t\t<div class=\"elementor-widget-container\">\n\t\t\t\t\t\t\t<div class=\"elementor-divider\">\n\t\t\t<span class=\"elementor-divider-separator\">\n\t\t\t\t\t\t<\/span>\n\t\t<\/div>\n\t\t\t\t\t\t<\/div>\n\t\t\t\t<\/div>\n\t\t\t\t<div class=\"elementor-element elementor-element-14906ee ob-has-background-overlay elementor-widget elementor-widget-mkdf_button\" data-id=\"14906ee\" data-element_type=\"widget\" data-e-type=\"widget\" data-settings=\"{&quot;_ob_perspektive_use&quot;:&quot;no&quot;,&quot;_ob_poopart_use&quot;:&quot;yes&quot;,&quot;_ob_shadough_use&quot;:&quot;no&quot;,&quot;_ob_allow_hoveranimator&quot;:&quot;no&quot;,&quot;_ob_widget_stalker_use&quot;:&quot;no&quot;}\" data-widget_type=\"mkdf_button.default\">\n\t\t\t\t<div class=\"elementor-widget-container\">\n\t\t\t\t\t<a itemprop=\"url\" href=\"\/gs\/kontakt\" target=\"_self\" style=\"text-transform: none;padding: \" class=\"mkdf-btn mkdf-btn-medium mkdf-btn-simple\"  0=\"text-transform: none\" 1=\"padding: \">\n    <span class=\"mkdf-btn-text\">Kontaktieren Sie uns<\/span>\n    <\/a>\t\t\t\t<\/div>\n\t\t\t\t<\/div>\n\t\t\t\t\t<\/div>\n\t\t<\/div>\n\t\t\t\t\t<\/div>\n\t\t<\/section>\n\t\t\t\t<\/div>\n\t\t","protected":false},"excerpt":{"rendered":"<p>HSH Soft- und Hardware Vertriebs GmbH HSH-Unternehmensgruppe Unsere Firma, die HSH Soft- und Hardware Vertriebs GmbH, ist ein mittelst\u00e4ndisches Softwareunternehmen mit dem Firmensitz in Ahrensfelde \u2013 kurz vor den Toren Berlins \u2013 welches 1991 gegr\u00fcndet wurde. Bereits von Beginn an [&hellip;]<\/p>\n","protected":false},"author":1,"featured_media":0,"parent":0,"menu_order":0,"comment_status":"closed","ping_status":"closed","template":"full-width.php","meta":{"footnotes":""},"class_list":["post-10017","page","type-page","status-publish","hentry"],"_links":{"self":[{"href":"https:\/\/www.gs-computerservice.de\/gs\/wp-json\/wp\/v2\/pages\/10017","targetHints":{"allow":["GET"]}}],"collection":[{"href":"https:\/\/www.gs-computerservice.de\/gs\/wp-json\/wp\/v2\/pages"}],"about":[{"href":"https:\/\/www.gs-computerservice.de\/gs\/wp-json\/wp\/v2\/types\/page"}],"author":[{"embeddable":true,"href":"https:\/\/www.gs-computerservice.de\/gs\/wp-json\/wp\/v2\/users\/1"}],"replies":[{"embeddable":true,"href":"https:\/\/www.gs-computerservice.de\/gs\/wp-json\/wp\/v2\/comments?post=10017"}],"version-history":[{"count":0,"href":"https:\/\/www.gs-computerservice.de\/gs\/wp-json\/wp\/v2\/pages\/10017\/revisions"}],"wp:attachment":[{"href":"https:\/\/www.gs-computerservice.de\/gs\/wp-json\/wp\/v2\/media?parent=10017"}],"curies":[{"name":"wp","href":"https:\/\/api.w.org\/{rel}","templated":true}]}}